{"id":2,"date":"2021-04-23T08:33:42","date_gmt":"2021-04-23T06:33:42","guid":{"rendered":"http:\/\/localhost\/wordpress\/?page_id=2"},"modified":"2021-05-10T08:54:52","modified_gmt":"2021-05-10T06:54:52","slug":"nase_nabidka","status":"publish","type":"page","link":"https:\/\/www.syry-liciborice.cz\/index.php\/nase_nabidka\/","title":{"rendered":"Na\u0161e nab\u00eddka"},"content":{"rendered":"\n<h2 class=\"wp-block-heading\"><strong>Zmrzlina<\/strong><\/h2>\n\n\n\n<ul class=\"wp-block-list\"><li>mal\u00e1 14,- K\u010d<\/li><li>velk\u00e1 20,- K\u010d<br>ZMRZLINA ZAT\u00cdM JEN O V\u00cdKENDU<\/li><\/ul>\n\n\n\n<h2 class=\"wp-block-heading\"><strong>Kravsk\u00e9 s\u00fdry<\/strong><\/h2>\n\n\n\n<ul class=\"wp-block-list\"><li>100g P\u0159\u00edrodn\u00ed s \u010desnekem, pikantn\u00ed &#8211; 26,- K\u010d<\/li><li>100g Uzen\u00fd, pa\u0159en\u00fd &#8211; 28,- K\u010d<\/li><li>100g Nakl\u00e1dan\u00fd &#8211; 32,- K\u010d<\/li><li>Korb\u00e1\u010dky &#8211; 20,- K\u010d \/ 2ks<\/li><\/ul>\n\n\n\n<h2 class=\"wp-block-heading\">Koz\u00ed s\u00fdry<\/h2>\n\n\n\n<ul class=\"wp-block-list\"><li>100g P\u0159\u00edrodn\u00ed s \u010desnekem, pikantn\u00ed &#8211; 40,- K\u010d<\/li><li>100g Uzen\u00fd &#8211; 45,- K\u010d<\/li><li>100g Nakl\u00e1dan\u00fd &#8211; 45,- K\u010d<\/li><\/ul>\n\n\n\n<p>S\u00fdry lze i grilovat (nerozte\u010dou se), obalovat ,rozp\u00e9kat, p\u0159id\u00e1vat do zeleninov\u00fdch sal\u00e1t\u016f dle va\u0161\u00ed fantazie.\u00a0<\/p>\n\n\n\n<h2 class=\"wp-block-heading\">Produkty z kravsk\u00e9ho ml\u00e9ka<\/h2>\n\n\n\n<ul class=\"wp-block-list\"><li>150g Jogurt b\u00edl\u00fd &#8211; 18,- K\u010d<\/li><li>150g Jogurt s jahodovou marmel\u00e1dou &#8211; 18,- K\u010d<\/li><li>330ml Probiotick\u00fd n\u00e1poj b\u00edl\u00fd &#8211; 20,- K\u010d<\/li><li>330ml Probiotick\u00fd n\u00e1poj jahodov\u00fd &#8211; 20,- K\u010d<\/li><li>150g Jogurtov\u00fd kr\u00e9m &#8211; \u010dokol\u00e1da &#8211; 20,- K\u010d<\/li><li>150g Jogurtov\u00fd kr\u00e9m s ovocem &#8211; 20,- K\u010d<\/li><li>150g Ovo\u017eel\u00e9 &#8211; 20,- K\u010d<\/li><li>150g M\u00e1slo &#8211; 32,- K\u010d<\/li><li>150g Maz\u00e1nek s koprem (dom\u00e1c\u00ed lu\u010dina) &#8211; 25,- K\u010d<\/li><li>150g Tvarohov\u00e1 pomaz\u00e1nka s pa\u017eitkou &#8211; 25,- K\u010d<\/li><li>150g Tvaroh &#8211; 18,- K\u010d<\/li><\/ul>\n\n\n\n<blockquote class=\"wp-block-quote is-layout-flow wp-block-quote-is-layout-flow\"><p>S\u00fdry jsou vakuov\u011b baleny s v\u00e1hou cca 100g..<br>Joguty jsou ve skleni\u010dce s v\u00ed\u010dkem, v\u00e1ha cca 150g.<br>Probiotick\u00e9 n\u00e1poje jsou v plastov\u00e9 lahvi\u010dce s v\u00ed\u010dkem o objemu 330ml.<br>Jogurtov\u00e9 kr\u00e9my, ovo\u017eel\u00e9, m\u00e1slo, pomaz\u00e1nky a tvaroh jsou baleny v plastov\u00e9 krabi\u010dce s v\u00ed\u010dkem o v\u00e1ze 150g.<br><\/p><\/blockquote>\n","protected":false},"excerpt":{"rendered":"<p>Zmrzlina mal\u00e1 14,- K\u010d velk\u00e1 20,- K\u010dZMRZLINA ZAT\u00cdM JEN O V\u00cdKENDU Kravsk\u00e9 s\u00fdry 100g P\u0159\u00edrodn\u00ed s \u010desnekem, pikantn\u00ed &#8211; 26,- K\u010d 100g Uzen\u00fd, pa\u0159en\u00fd &#8211; 28,- K\u010d 100g Nakl\u00e1dan\u00fd &#8211; 32,- K\u010d Korb\u00e1\u010dky &#8211; 20,- K\u010d \/ 2ks Koz\u00ed s\u00fdry 100g P\u0159\u00edrodn\u00ed s \u010desnekem, pikantn\u00ed &#8211; 40,- K\u010d 100g Uzen\u00fd [&hellip;]<\/p>\n","protected":false},"author":1,"featured_media":0,"parent":0,"menu_order":0,"comment_status":"closed","ping_status":"open","template":"page-templates\/template-page-sidebar.php","meta":{"footnotes":""},"class_list":["post-2","page","type-page","status-publish","hentry"],"_links":{"self":[{"href":"https:\/\/www.syry-liciborice.cz\/index.php\/wp-json\/wp\/v2\/pages\/2","targetHints":{"allow":["GET"]}}],"collection":[{"href":"https:\/\/www.syry-liciborice.cz\/index.php\/wp-json\/wp\/v2\/pages"}],"about":[{"href":"https:\/\/www.syry-liciborice.cz\/index.php\/wp-json\/wp\/v2\/types\/page"}],"author":[{"embeddable":true,"href":"https:\/\/www.syry-liciborice.cz\/index.php\/wp-json\/wp\/v2\/users\/1"}],"replies":[{"embeddable":true,"href":"https:\/\/www.syry-liciborice.cz\/index.php\/wp-json\/wp\/v2\/comments?post=2"}],"version-history":[{"count":12,"href":"https:\/\/www.syry-liciborice.cz\/index.php\/wp-json\/wp\/v2\/pages\/2\/revisions"}],"predecessor-version":[{"id":230,"href":"https:\/\/www.syry-liciborice.cz\/index.php\/wp-json\/wp\/v2\/pages\/2\/revisions\/230"}],"wp:attachment":[{"href":"https:\/\/www.syry-liciborice.cz\/index.php\/wp-json\/wp\/v2\/media?parent=2"}],"curies":[{"name":"wp","href":"https:\/\/api.w.org\/{rel}","templated":true}]}}